{"id":513,"date":"2023-04-21T12:00:55","date_gmt":"2023-04-21T12:00:55","guid":{"rendered":"https:\/\/digicheck.pl\/de\/?page_id=513"},"modified":"2024-05-21T06:21:27","modified_gmt":"2024-05-21T06:21:27","slug":"sps-programmierung","status":"publish","type":"page","link":"https:\/\/digicheck.pl\/de\/sps-programmierung\/","title":{"rendered":"SPS-Programmierung"},"content":{"rendered":"<p>[et_pb_section fb_built=&#8221;1&#8243; next_background_color=&#8221;#ffffff&#8221; admin_label=&#8221;Hero&#8221; _builder_version=&#8221;4.19.5&#8243; use_background_color_gradient=&#8221;on&#8221; background_color_gradient_direction=&#8221;70deg&#8221; background_color_gradient_stops=&#8221;#283d4b 0%|rgba(128,103,79,0.5) 100%&#8221; background_color_gradient_overlays_image=&#8221;on&#8221; background_color_gradient_start=&#8221;#283d4b&#8221; background_color_gradient_end=&#8221;rgba(128,103,79,0.5)&#8221; background_image=&#8221;https:\/\/digicheck.pl\/de\/wp-content\/uploads\/sites\/3\/2023\/02\/AdobeStock_555709938.jpg&#8221; custom_margin=&#8221;|||&#8221; custom_padding=&#8221;10vw||100px||false|false&#8221; bottom_divider_style=&#8221;mountains2&#8243; bottom_divider_repeat=&#8221;0.5x&#8221; bottom_divider_flip=&#8221;horizontal|vertical&#8221; global_colors_info=&#8221;{}&#8221;][et_pb_row _builder_version=&#8221;4.16&#8243; custom_margin=&#8221;|||&#8221; custom_padding=&#8221;27px|0px|0|0px|false|false&#8221; global_colors_info=&#8221;{}&#8221;][et_pb_column type=&#8221;4_4&#8243; _builder_version=&#8221;4.16&#8243; custom_padding=&#8221;|||&#8221; global_colors_info=&#8221;{}&#8221; custom_padding__hover=&#8221;|||&#8221;][et_pb_text _builder_version=&#8221;4.20.2&#8243; text_font=&#8221;||||||||&#8221; header_font=&#8221;Josefin Sans|700|||||||&#8221; header_font_size=&#8221;90px&#8221; header_line_height=&#8221;1.4em&#8221; header_2_font=&#8221;Josefin Sans||||||||&#8221; header_2_text_color=&#8221;rgba(255,255,255,0.6)&#8221; header_2_font_size=&#8221;32px&#8221; header_2_line_height=&#8221;1.4em&#8221; background_layout=&#8221;dark&#8221; animation_style=&#8221;slide&#8221; animation_direction=&#8221;right&#8221; animation_intensity_slide=&#8221;4%&#8221; header_font_size_tablet=&#8221;50px&#8221; header_font_size_phone=&#8221;32px&#8221; header_font_size_last_edited=&#8221;on|desktop&#8221; header_2_font_size_tablet=&#8221;&#8221; header_2_font_size_phone=&#8221;24px&#8221; header_2_font_size_last_edited=&#8221;on|phone&#8221; global_colors_info=&#8221;{}&#8221;]<\/p>\n<h1>SPS-Programmierung<\/h1>\n<p>[\/et_pb_text][\/et_pb_column][\/et_pb_row][\/et_pb_section][et_pb_section fb_built=&#8221;1&#8243; _builder_version=&#8221;4.20.2&#8243; _module_preset=&#8221;default&#8221; global_colors_info=&#8221;{}&#8221;][et_pb_row _builder_version=&#8221;4.21.0&#8243; _module_preset=&#8221;default&#8221; global_colors_info=&#8221;{}&#8221;][et_pb_column type=&#8221;4_4&#8243; _builder_version=&#8221;4.20.2&#8243; _module_preset=&#8221;default&#8221; global_colors_info=&#8221;{}&#8221;][et_pb_text _builder_version=&#8221;4.24.3&#8243; _module_preset=&#8221;default&#8221; hover_enabled=&#8221;0&#8243; global_colors_info=&#8221;{}&#8221; sticky_enabled=&#8221;0&#8243;]<\/p>\n<h2>SPS-Programmierung in Bielsko-Bia\u0142a \u2013 Schaffung intelligenter L\u00f6sungen f\u00fcr die Industrie<\/h2>\n<p>Bielsko-Bia\u0142a ist ein Ort, an dem <strong>SPS-Programmierdienste (Programmable Logic Controller)<\/strong> f\u00fcr die Industrie verf\u00fcgbar sind. F\u00fcr die effektive Steuerung und \u00dcberwachung von Produktionsprozessen ist die SPS-Programmierung unerl\u00e4sslich. Spezialisten aus Bielsko-Bia\u0142a bieten umfassende SPS-Programmierungsdienste an und erstellen intelligente L\u00f6sungen, die auf die individuellen Kundenbed\u00fcrfnisse zugeschnitten sind.<\/p>\n<h2>Die Rolle von SPS-Steuerungen in der Industrie<\/h2>\n<p>Unter <strong>SPS-Programmierung<\/strong> versteht man die Erstellung von Programmen f\u00fcr spezielle Ger\u00e4te, die die Steuerung von Produktionsprozessen und Industriemaschinen erm\u00f6glichen. SPS-Steuerungen werden h\u00e4ufig in verschiedenen Branchen wie der Lebensmittel-, Automobil-, Pharma- und Petrochemieindustrie eingesetzt. Sie machen Industriemaschinen pr\u00e4ziser und effizienter, was Zeit und Produktionskosten spart.<\/p>\n<h2>Der Prozess der Programmierung von SPS-Steuerungen<\/h2>\n<p>Die <strong>Programmierung von SPS-Steuerungen<\/strong> ist ein iterativer Prozess, der spezielle Kenntnisse und F\u00e4higkeiten erfordert. Es erfordert eine st\u00e4ndige \u00dcberpr\u00fcfung und Pr\u00fcfung von Programmen. Der Programmierer muss in der Lage sein, die spezifische Funktionsweise von Maschinen und Produktionsprozessen zu verstehen, um ein entsprechendes Steuerungsprogramm zu erstellen. Bei der SPS-Programmierung werden spezielle Programmiersprachen wie Kontaktplan, Anweisungsliste, Funktionsblockdiagramm und strukturierter Text verwendet.<\/p>\n<h2>Herausforderungen im Zusammenhang mit der Programmierung von SPS-Steuerungen<\/h2>\n<p>Heutzutage wird die <strong>SPS-Programmierung<\/strong> immer komplizierter und erfordert spezielle Kenntnisse und Erfahrung. Aufgrund der wachsenden Anforderungen an Automatisierung und Cybersicherheit m\u00fcssen Programmierer die SPS-Programmierung umfassender angehen und eine Reihe von Faktoren ber\u00fccksichtigen, wie beispielsweise die Integration mit anderen Systemen und die Aufrechterhaltung der Betriebssicherheit.<\/p>\n<p>[\/et_pb_text][\/et_pb_column][\/et_pb_row][et_pb_row _builder_version=&#8221;4.20.2&#8243; _module_preset=&#8221;default&#8221; global_colors_info=&#8221;{}&#8221;][et_pb_column type=&#8221;4_4&#8243; _builder_version=&#8221;4.20.2&#8243; _module_preset=&#8221;default&#8221; global_colors_info=&#8221;{}&#8221;][et_pb_text _builder_version=&#8221;4.20.2&#8243; _module_preset=&#8221;default&#8221; custom_padding=&#8221;||0px|||&#8221; global_colors_info=&#8221;{}&#8221;][\/et_pb_text][dipl_button _builder_version=&#8221;4.24.3&#8243; _module_preset=&#8221;default&#8221; button_text_color=&#8221;#FFFFFF&#8221; custom_margin=&#8221;||29px|||&#8221; global_colors_info=&#8221;{}&#8221;][dipl_button_item button_text=&#8221;Kontaktiere uns&#8221; button_url=&#8221;https:\/\/digicheck.pl\/de\/kontakt\/&#8221; button_bg_color=&#8221;gcid-32287024-c875-4457-aa4f-e81bb2c5904f&#8221; _builder_version=&#8221;4.24.3&#8243; _module_preset=&#8221;default&#8221; global_colors_info=&#8221;{%22gcid-32287024-c875-4457-aa4f-e81bb2c5904f%22:%91%22button_bg_color%22%93}&#8221;][\/dipl_button_item][\/dipl_button][\/et_pb_column][\/et_pb_row][\/et_pb_section]<\/p>\n","protected":false},"excerpt":{"rendered":"<p>SPS-ProgrammierungSPS-Programmierung in Bielsko-Bia\u0142a \u2013 Schaffung intelligenter L\u00f6sungen f\u00fcr die Industrie Bielsko-Bia\u0142a ist ein Ort, an dem SPS-Programmierdienste (Programmable Logic Controller) f\u00fcr die Industrie verf\u00fcgbar sind. F\u00fcr die effektive Steuerung und \u00dcberwachung von Produktionsprozessen ist die SPS-Programmierung unerl\u00e4sslich. Spezialisten aus Bielsko-Bia\u0142a bieten umfassende SPS-Programmierungsdienste an und erstellen intelligente L\u00f6sungen, die auf die individuellen Kundenbed\u00fcrfnisse zugeschnitten sind. [&hellip;]<\/p>\n","protected":false},"author":1,"featured_media":0,"parent":0,"menu_order":0,"comment_status":"closed","ping_status":"closed","template":"","meta":{"_et_pb_use_builder":"on","_et_pb_old_content":"","_et_gb_content_width":"","footnotes":""},"class_list":["post-513","page","type-page","status-publish","hentry"],"aioseo_notices":[],"_links":{"self":[{"href":"https:\/\/digicheck.pl\/de\/wp-json\/wp\/v2\/pages\/513","targetHints":{"allow":["GET"]}}],"collection":[{"href":"https:\/\/digicheck.pl\/de\/wp-json\/wp\/v2\/pages"}],"about":[{"href":"https:\/\/digicheck.pl\/de\/wp-json\/wp\/v2\/types\/page"}],"author":[{"embeddable":true,"href":"https:\/\/digicheck.pl\/de\/wp-json\/wp\/v2\/users\/1"}],"replies":[{"embeddable":true,"href":"https:\/\/digicheck.pl\/de\/wp-json\/wp\/v2\/comments?post=513"}],"version-history":[{"count":10,"href":"https:\/\/digicheck.pl\/de\/wp-json\/wp\/v2\/pages\/513\/revisions"}],"predecessor-version":[{"id":626,"href":"https:\/\/digicheck.pl\/de\/wp-json\/wp\/v2\/pages\/513\/revisions\/626"}],"wp:attachment":[{"href":"https:\/\/digicheck.pl\/de\/wp-json\/wp\/v2\/media?parent=513"}],"curies":[{"name":"wp","href":"https:\/\/api.w.org\/{rel}","templated":true}]}}